{"id":84,"date":"2020-07-30T09:48:02","date_gmt":"2020-07-30T09:48:02","guid":{"rendered":"http:\/\/genawif.com\/?page_id=84"},"modified":"2021-05-03T10:42:24","modified_gmt":"2021-05-03T10:42:24","slug":"about-us","status":"publish","type":"page","link":"https:\/\/genawif.com\/de\/about-us\/","title":{"rendered":"\u00dcber uns"},"content":{"rendered":"<figure class=\"wp-block-image size-large is-resized\"><img loading=\"lazy\" decoding=\"async\" src=\"https:\/\/genawif.com\/wp-content\/uploads\/2020\/10\/pexels-nejc-kosir-340932-1-1-scaled-e1604919134304.jpg\" alt=\"\" class=\"wp-image-118\" width=\"1148\" height=\"609\"\/><\/figure>\n\n\n\n<p><p>Die Gesellschaft f\u00fcr Natur- und Wirkstoffforschung (GENAWIF) e.V. wurde im Jahre 2020 gegr\u00fcndet auf Basis der langj\u00e4hrigen Besch\u00e4ftigung der Gr\u00fcndungsmitglieder mit dem Naturstoff Allicin. Allicin ist ein \u00fcberaus antimikrobielles Molek\u00fcl, das aber auch dar\u00fcber hinaus eine gro\u00dfe Spannbreite an biologischen Effekten in Zellen aufweist. Um diese Arbeit weiter zu forcieren, wurde beschlossen, den Verein GENAWIF zu gr\u00fcnden. <\/p>\n<p>Im Zuge der langj\u00e4hrigen Besch\u00e4ftigung mit Allicin entstanden dar\u00fcber hinaus eine VIelzahl unterschiedlicher Tools, die nunmehr n\u00fctzlich sein k\u00f6nnen f\u00fcr eine Erforschung der biologischen Wirkweise von Natur- und Wirkstoffen. Das Wissen und die Werkzeuge, die wir haben, um Natur- und Wirkstoffe anwendbar und besser verstehbar zu machen, das ist die Mission von GENAWIF. So hat sie sich zum Ziel gesetzt, die molekulare und zellul\u00e4re Wirkungsweise von Natur- und Wirkstoffen zu verstehen und dieses Wissen f\u00fcr die Anwendung in Medizin und Landwirtschaft nutzbar zu machen. Dazu betreiben und f\u00f6rdern wir Forschungsaktivit\u00e4ten (auch als Auftragsforschung), vernetzen Wissenschaftler durch Austausch und Diskurs, beraten Institutionen, Einrichtungen und Unternehmen zu Naturstoffen und betreiben \u00d6ffentlichkeitsarbeit.\n<\/p><\/p>","protected":false},"excerpt":{"rendered":"<p>The Society for Natural and Drug Research (GENAWIF) in Aachen was founded in 2020 on the basis of the founding members&#8217; many years of involvement with the natural substance allicin. Allicin is an extremely antimicrobial molecule, but also has a<\/p>","protected":false},"author":1,"featured_media":0,"parent":0,"menu_order":93,"comment_status":"closed","ping_status":"closed","template":"","meta":{"inline_featured_image":false,"footnotes":""},"class_list":["post-84","page","type-page","status-publish","hentry"],"_links":{"self":[{"href":"https:\/\/genawif.com\/de\/wp-json\/wp\/v2\/pages\/84","targetHints":{"allow":["GET"]}}],"collection":[{"href":"https:\/\/genawif.com\/de\/wp-json\/wp\/v2\/pages"}],"about":[{"href":"https:\/\/genawif.com\/de\/wp-json\/wp\/v2\/types\/page"}],"author":[{"embeddable":true,"href":"https:\/\/genawif.com\/de\/wp-json\/wp\/v2\/users\/1"}],"replies":[{"embeddable":true,"href":"https:\/\/genawif.com\/de\/wp-json\/wp\/v2\/comments?post=84"}],"version-history":[{"count":8,"href":"https:\/\/genawif.com\/de\/wp-json\/wp\/v2\/pages\/84\/revisions"}],"predecessor-version":[{"id":387,"href":"https:\/\/genawif.com\/de\/wp-json\/wp\/v2\/pages\/84\/revisions\/387"}],"wp:attachment":[{"href":"https:\/\/genawif.com\/de\/wp-json\/wp\/v2\/media?parent=84"}],"curies":[{"name":"wp","href":"https:\/\/api.w.org\/{rel}","templated":true}]}}