{"id":564,"date":"2022-05-02T11:41:13","date_gmt":"2022-05-02T11:41:13","guid":{"rendered":"https:\/\/genawif.com\/?page_id=564"},"modified":"2022-05-02T11:41:32","modified_gmt":"2022-05-02T11:41:32","slug":"news-and-activities","status":"publish","type":"page","link":"https:\/\/genawif.com\/de\/news-and-activities\/","title":{"rendered":"Neuigkeiten und Aktivit\u00e4ten"},"content":{"rendered":"<div class=\"simple-news-con col-4 sh-id-1\"><div id=\"post-id-708\" class=\"simple-news-item\"><div class=\"simple-news-img-con\"><a class=\"simple-news-item-link\" href=\"https:\/\/genawif.com\/de\/news\/forging-new-paths-in-crop-protection-genawif-launches-innovative-project-with-agprime\/\"><img loading=\"lazy\" decoding=\"async\" width=\"250\" height=\"100\" src=\"https:\/\/genawif.com\/wp-content\/uploads\/2025\/04\/1728487821408.jpg\" class=\"simple-news-img-default wp-post-image\" alt=\"\" srcset=\"https:\/\/genawif.com\/wp-content\/uploads\/2025\/04\/1728487821408.jpg 250w, https:\/\/genawif.com\/wp-content\/uploads\/2025\/04\/1728487821408-18x7.jpg 18w\" sizes=\"auto, (max-width: 250px) 100vw, 250px\" \/><\/a><\/div><div class=\"simple-news-text-con\"><h4 class=\"simple-news-title\"><a class=\"simple-news-item-link\" href=\"https:\/\/genawif.com\/de\/news\/forging-new-paths-in-crop-protection-genawif-launches-innovative-project-with-agprime\/\">Forging New Paths in Crop Protection: GENAWIF Launches Innovative Project with AgPrime<\/a><\/h4><div class=\"simple-news-date\">November 28, 2024<\/div><div class=\"simple-news-excerpt\">At GENAWIF \u2013 Society for Natural Compound- and Drug Research \u2013 we are excited to announce a new collaboration with AgPrime GmbH! Together, we are exploring the potential of locally sourced stinging nettle extracts to develop sustainable crop protection solutions.With<\/div><\/div><\/div><div id=\"post-id-698\" class=\"simple-news-item\"><div class=\"simple-news-img-con\"><a class=\"simple-news-item-link\" href=\"https:\/\/genawif.com\/de\/news\/exploring-natures-mysteries-%f0%9f%8c%bf\/\"><img loading=\"lazy\" decoding=\"async\" width=\"250\" height=\"100\" src=\"https:\/\/genawif.com\/wp-content\/uploads\/2024\/02\/fungus.png\" class=\"simple-news-img-default wp-post-image\" alt=\"\" srcset=\"https:\/\/genawif.com\/wp-content\/uploads\/2024\/02\/fungus.png 250w, https:\/\/genawif.com\/wp-content\/uploads\/2024\/02\/fungus-18x7.png 18w\" sizes=\"auto, (max-width: 250px) 100vw, 250px\" \/><\/a><\/div><div class=\"simple-news-text-con\"><h4 class=\"simple-news-title\"><a class=\"simple-news-item-link\" href=\"https:\/\/genawif.com\/de\/news\/exploring-natures-mysteries-%f0%9f%8c%bf\/\">Exploring Nature&#8217;s Mysteries! \ud83c\udf3f<\/a><\/h4><div class=\"simple-news-date\">Februar 26, 2024<\/div><div class=\"simple-news-excerpt\">In a breathtaking exploration, scientists at the Royal Botanic Gardens, Kew, have identified 74 new plant species and 15 fungi over the past year. These groundbreaking discoveries range from an underground &#8220;forest&#8221; to spectacular orchids and were found in unlikely<\/div><\/div><\/div><div id=\"post-id-692\" class=\"simple-news-item\"><div class=\"simple-news-img-con\"><a class=\"simple-news-item-link\" href=\"https:\/\/genawif.com\/de\/news\/prestigeous-award-for-genawif-collaborator-dr-andre-bachmann\/\"><img loading=\"lazy\" decoding=\"async\" width=\"250\" height=\"100\" src=\"https:\/\/genawif.com\/wp-content\/uploads\/2023\/05\/Award.png\" class=\"simple-news-img-default wp-post-image\" alt=\"\" srcset=\"https:\/\/genawif.com\/wp-content\/uploads\/2023\/05\/Award.png 250w, https:\/\/genawif.com\/wp-content\/uploads\/2023\/05\/Award-18x7.png 18w\" sizes=\"auto, (max-width: 250px) 100vw, 250px\" \/><\/a><\/div><div class=\"simple-news-text-con\"><h4 class=\"simple-news-title\"><a class=\"simple-news-item-link\" href=\"https:\/\/genawif.com\/de\/news\/prestigeous-award-for-genawif-collaborator-dr-andre-bachmann\/\">Renommierte Auszeichnung f\u00fcr Genawif-Kooperationspartner Dr. Andr\u00e9 Bachmann<\/a><\/h4><div class=\"simple-news-date\">Mai 17, 2023<\/div><div class=\"simple-news-excerpt\">Dr. Andr\u00e9 Bachmann, Professor f\u00fcr P\u00e4diatrie an der Michigan State University und Mitarbeiter von Genawif, wurde mit dem NYIPLA \"Inventor of the Year Award\" 2023 f\u00fcr das US-Patent Nr. 11,273,137 B2 ausgezeichnet.<\/div><\/div><\/div><div id=\"post-id-682\" class=\"simple-news-item\"><div class=\"simple-news-img-con\"><a class=\"simple-news-item-link\" href=\"https:\/\/genawif.com\/de\/news\/bio4matpro-competence-center-for-biological-transformation-in-materials-science-and-production-engineering\/\"><img loading=\"lazy\" decoding=\"async\" width=\"250\" height=\"100\" src=\"https:\/\/genawif.com\/wp-content\/uploads\/2023\/02\/Gruhlke-Vortrag.png\" class=\"simple-news-img-default wp-post-image\" alt=\"\" srcset=\"https:\/\/genawif.com\/wp-content\/uploads\/2023\/02\/Gruhlke-Vortrag.png 250w, https:\/\/genawif.com\/wp-content\/uploads\/2023\/02\/Gruhlke-Vortrag-18x7.png 18w\" sizes=\"auto, (max-width: 250px) 100vw, 250px\" \/><\/a><\/div><div class=\"simple-news-text-con\"><h4 class=\"simple-news-title\"><a class=\"simple-news-item-link\" href=\"https:\/\/genawif.com\/de\/news\/bio4matpro-competence-center-for-biological-transformation-in-materials-science-and-production-engineering\/\">Bio4MatPro \u2013 Kompetenzzentrum zur Biologischen Transformation der Materialwissenschaft und Produktionstechnik<\/a><\/h4><div class=\"simple-news-date\">Februar 8, 2023<\/div><div class=\"simple-news-excerpt\">Unser Vorsitzender Dr. Martin Gruhlke hielt am 07.02.2023 bei der von der IHK Aachen und dem Projekt Bio4MatPro an der RWTH Aachen einen Vortrag zum Thema Nutzungsoptionen der Brennnessel und nahm an der anschlie\u00dfenden Podiumsdiskussion teil.<\/div><\/div><\/div><div id=\"post-id-686\" class=\"simple-news-item\"><div class=\"simple-news-img-con\"><a class=\"simple-news-item-link\" href=\"https:\/\/genawif.com\/de\/news\/new-research-work-by-genawif-members\/\"><img loading=\"lazy\" decoding=\"async\" width=\"250\" height=\"100\" src=\"https:\/\/genawif.com\/wp-content\/uploads\/2023\/02\/Selen-verbindungen.png\" class=\"simple-news-img-default wp-post-image\" alt=\"\" srcset=\"https:\/\/genawif.com\/wp-content\/uploads\/2023\/02\/Selen-verbindungen.png 250w, https:\/\/genawif.com\/wp-content\/uploads\/2023\/02\/Selen-verbindungen-18x7.png 18w\" sizes=\"auto, (max-width: 250px) 100vw, 250px\" \/><\/a><\/div><div class=\"simple-news-text-con\"><h4 class=\"simple-news-title\"><a class=\"simple-news-item-link\" href=\"https:\/\/genawif.com\/de\/news\/new-research-work-by-genawif-members\/\">Neue Forschungsarbeit von GENAWIF Mitarbeitenden<\/a><\/h4><div class=\"simple-news-date\">Januar 26, 2023<\/div><div class=\"simple-news-excerpt\">Selen ist ein dem Schwefel sehr \u00e4hnliches Element. Die Redoxaktivit\u00e4t, die Schwefel biologisch so bedeutsam macht, ist auch beim Schwefel gegeben.<\/div><\/div><\/div><div id=\"post-id-668\" class=\"simple-news-item\"><div class=\"simple-news-img-con\"><a class=\"simple-news-item-link\" href=\"https:\/\/genawif.com\/de\/news\/allicin-from-garlic-inhibits-the-essential-bacterial-enzyme-dna-gyrase-a-common-target-for-medical-antibiotics\/\"><img loading=\"lazy\" decoding=\"async\" width=\"250\" height=\"100\" src=\"https:\/\/genawif.com\/wp-content\/uploads\/2022\/09\/Beitragsbild-Gyrase-2.svg\" class=\"simple-news-img-default wp-post-image\" alt=\"\" \/><\/a><\/div><div class=\"simple-news-text-con\"><h4 class=\"simple-news-title\"><a class=\"simple-news-item-link\" href=\"https:\/\/genawif.com\/de\/news\/allicin-from-garlic-inhibits-the-essential-bacterial-enzyme-dna-gyrase-a-common-target-for-medical-antibiotics\/\">Allicin aus Knoblauch inhibiert das essentielle bakterielle\nEnzym DNA Gyrase, ein h\u00e4ufiges Ziel medizinischer\nAntibiotika<\/a><\/h4><div class=\"simple-news-date\">November 13, 2022<\/div><div class=\"simple-news-excerpt\">F\u00fcr nicht-fachkundige Leser wird empfohlen, zuerst einen Blick auf unseren Artikel \u201eAuf die Gr\u00f6\u00dfe kommt es an \u2013 die Notwendigkeit der Umstrukturierung von DNA\u201c zu werfen. Dort werden die Hintergr\u00fcnde erl\u00e4utert, warum das Verpacken und Entpacken von DNA ein lebenswichtiger Prozess ist. Hierzu wird die DNA-Gr\u00f6\u00dfe des Bakteriums<\/div><\/div><\/div><div id=\"post-id-675\" class=\"simple-news-item\"><div class=\"simple-news-img-con\"><a class=\"simple-news-item-link\" href=\"https:\/\/genawif.com\/de\/news\/international-conference-of-our-german-society-for-plant-sciences\/\"><img loading=\"lazy\" decoding=\"async\" width=\"250\" height=\"100\" src=\"https:\/\/genawif.com\/wp-content\/uploads\/2022\/09\/Bonn-Botanik.jpg\" class=\"simple-news-img-default wp-post-image\" alt=\"\" srcset=\"https:\/\/genawif.com\/wp-content\/uploads\/2022\/09\/Bonn-Botanik.jpg 250w, https:\/\/genawif.com\/wp-content\/uploads\/2022\/09\/Bonn-Botanik-18x7.jpg 18w\" sizes=\"auto, (max-width: 250px) 100vw, 250px\" \/><\/a><\/div><div class=\"simple-news-text-con\"><h4 class=\"simple-news-title\"><a class=\"simple-news-item-link\" href=\"https:\/\/genawif.com\/de\/news\/international-conference-of-our-german-society-for-plant-sciences\/\">Botanik-Tagung<\/a><\/h4><div class=\"simple-news-date\">September 27, 2022<\/div><div class=\"simple-news-excerpt\">Auf der diesj\u00e4hrigen Botanikertagung, die von der Deutschen Botanischen Gesellschaft (www.deutsche-botanische-gesellschaft.de) an der Universit\u00e4t Bonn ausgerichtet wurde, hielt unser Vorsitzender Dr. Martin Gruhlke einen Vortrag zum Thema \"Thioallylierung als Grundlage f\u00fcr die physiologische Wirkung von Allicin in Knoblauch\"<\/div><\/div><\/div><div id=\"post-id-647\" class=\"simple-news-item\"><div class=\"simple-news-img-con\"><a class=\"simple-news-item-link\" href=\"https:\/\/genawif.com\/de\/news\/size-matters-the-importance-of-dna-packaging%ef%bf%bc\/\"><img loading=\"lazy\" decoding=\"async\" width=\"250\" height=\"100\" src=\"https:\/\/genawif.com\/wp-content\/uploads\/2022\/09\/Beitragsbild-Gyrase-1-1.svg\" class=\"simple-news-img-default wp-post-image\" alt=\"\" \/><\/a><\/div><div class=\"simple-news-text-con\"><h4 class=\"simple-news-title\"><a class=\"simple-news-item-link\" href=\"https:\/\/genawif.com\/de\/news\/size-matters-the-importance-of-dna-packaging%ef%bf%bc\/\">Auf die Gr\u00f6\u00dfe kommt es an \u2013 die Notwendigkeit der Umstrukturierung von DNA<\/a><\/h4><div class=\"simple-news-date\">September 13, 2022<\/div><div class=\"simple-news-excerpt\">Im folgenden Artikel wird die Bedeutung des DNA-Gr\u00f6\u00dfenmanagements aufgrund des begrenzten zellul\u00e4ren Raums am Beispiel der DNA und der Zellgr\u00f6\u00dfe des Bakteriums Escherichia coli erl\u00e4utert.<\/div><\/div><\/div><div id=\"post-id-628\" class=\"simple-news-item\"><div class=\"simple-news-img-con\"><a class=\"simple-news-item-link\" href=\"https:\/\/genawif.com\/de\/news\/powerful-new-analytical-technique-makes-the-smell-of-garlic-and-other-plants-visible\/\"><img loading=\"lazy\" decoding=\"async\" width=\"250\" height=\"100\" src=\"https:\/\/genawif.com\/wp-content\/uploads\/2022\/08\/Alan-Garlic.png\" class=\"simple-news-img-default wp-post-image\" alt=\"\" srcset=\"https:\/\/genawif.com\/wp-content\/uploads\/2022\/08\/Alan-Garlic.png 250w, https:\/\/genawif.com\/wp-content\/uploads\/2022\/08\/Alan-Garlic-18x7.png 18w\" sizes=\"auto, (max-width: 250px) 100vw, 250px\" \/><\/a><\/div><div class=\"simple-news-text-con\"><h4 class=\"simple-news-title\"><a class=\"simple-news-item-link\" href=\"https:\/\/genawif.com\/de\/news\/powerful-new-analytical-technique-makes-the-smell-of-garlic-and-other-plants-visible\/\">Neues leistungsf\u00e4higes analytisches Verfahren macht den Geruch von Knoblauch und anderen Pflanzen sichtbar<\/a><\/h4><div class=\"simple-news-date\">August 24, 2022<\/div><div class=\"simple-news-excerpt\">Wenn man etwas untersucht, kann die Untersuchungsmethode die Ergebnisse verzerren. Dies ist ein Problem in vielen Forschungsans\u00e4tzen<\/div><\/div><\/div><div id=\"post-id-595\" class=\"simple-news-item\"><div class=\"simple-news-img-con\"><a class=\"simple-news-item-link\" href=\"https:\/\/genawif.com\/de\/news\/the-uncertain-future-for-many-scientists-and-the-non-profit-organization-as-a-link-between-public-and-private-sector-research-an-exchange-of-ideas-between-genawif-and-ulla-thonnissen-a-member-of-the\/\"><img loading=\"lazy\" decoding=\"async\" width=\"250\" height=\"100\" src=\"https:\/\/genawif.com\/wp-content\/uploads\/2022\/07\/1200px-Wappenzeichen_NRW.svg_.png\" class=\"simple-news-img-default wp-post-image\" alt=\"\" srcset=\"https:\/\/genawif.com\/wp-content\/uploads\/2022\/07\/1200px-Wappenzeichen_NRW.svg_.png 250w, https:\/\/genawif.com\/wp-content\/uploads\/2022\/07\/1200px-Wappenzeichen_NRW.svg_-18x7.png 18w\" sizes=\"auto, (max-width: 250px) 100vw, 250px\" \/><\/a><\/div><div class=\"simple-news-text-con\"><h4 class=\"simple-news-title\"><a class=\"simple-news-item-link\" href=\"https:\/\/genawif.com\/de\/news\/the-uncertain-future-for-many-scientists-and-the-non-profit-organization-as-a-link-between-public-and-private-sector-research-an-exchange-of-ideas-between-genawif-and-ulla-thonnissen-a-member-of-the\/\">The uncertain future for many Scientists and the non-profit organization as a link between public and private sector research<\/a><\/h4><div class=\"simple-news-date\">Juli 13, 2022<\/div><div class=\"simple-news-excerpt\">Damit unsere Vision von GENAWIF Wirklichkeit werden kann ist es wichtig, mit allen Interessensgruppen Kontakt zu pflegen, zu reflektieren und deren Bed\u00fcrfnisse und Meinungen zu erfahren.<\/div><\/div><\/div><div id=\"post-id-574\" class=\"simple-news-item\"><div class=\"simple-news-img-con\"><a class=\"simple-news-item-link\" href=\"https:\/\/genawif.com\/de\/news\/participation-in-the-food-bioactives-and-health-congress-in-parma-italy\/\"><img loading=\"lazy\" decoding=\"async\" width=\"250\" height=\"100\" src=\"https:\/\/genawif.com\/wp-content\/uploads\/2022\/06\/FBHC2022.png\" class=\"simple-news-img-default wp-post-image\" alt=\"\" \/><\/a><\/div><div class=\"simple-news-text-con\"><h4 class=\"simple-news-title\"><a class=\"simple-news-item-link\" href=\"https:\/\/genawif.com\/de\/news\/participation-in-the-food-bioactives-and-health-congress-in-parma-italy\/\">Teilnahme am Kongress Food Bioactives and Health in Parma<\/a><\/h4><div class=\"simple-news-date\">Juni 27, 2022<\/div><div class=\"simple-news-excerpt\">Dr. Martin Gruhlke, Vorsitzender von GENAWIF e.V., nahm am 3. Food Bioactives and Health Kongress in Parma, Italien teil. Dort pr\u00e4sentierte er die Arbeiten zur Thioallylierung von Proteinen durch Allicin aus Knoblauch.<\/div><\/div><\/div><div id=\"post-id-572\" class=\"simple-news-item\"><div class=\"simple-news-img-con\"><a class=\"simple-news-item-link\" href=\"https:\/\/genawif.com\/de\/news\/support-by-aachener-bank\/\"><img loading=\"lazy\" decoding=\"async\" width=\"250\" height=\"100\" src=\"https:\/\/genawif.com\/wp-content\/uploads\/2022\/06\/Aachener-Bank.png\" class=\"simple-news-img-default wp-post-image\" alt=\"\" \/><\/a><\/div><div class=\"simple-news-text-con\"><h4 class=\"simple-news-title\"><a class=\"simple-news-item-link\" href=\"https:\/\/genawif.com\/de\/news\/support-by-aachener-bank\/\">Unterst\u00fctzung durch die Aachener Bank<\/a><\/h4><div class=\"simple-news-date\">Juni 15, 2022<\/div><div class=\"simple-news-excerpt\">Die Aachener Bank e.G. unterst\u00fctzt die wissenschaftliche Arbeit von GENAWIF e.V. in Form einer Spende an unseren Verein.<\/div><\/div><\/div><div id=\"post-id-523\" class=\"simple-news-item\"><div class=\"simple-news-img-con\"><a class=\"simple-news-item-link\" href=\"https:\/\/genawif.com\/de\/news\/the-plant-physiology-department-at-the-rwth-aachen-and-the-events-that-led-to-the-foundation-of-genawif\/\"><img loading=\"lazy\" decoding=\"async\" width=\"250\" height=\"100\" src=\"https:\/\/genawif.com\/wp-content\/uploads\/2022\/04\/knoblauch.png\" class=\"simple-news-img-default wp-post-image\" alt=\"\" \/><\/a><\/div><div class=\"simple-news-text-con\"><h4 class=\"simple-news-title\"><a class=\"simple-news-item-link\" href=\"https:\/\/genawif.com\/de\/news\/the-plant-physiology-department-at-the-rwth-aachen-and-the-events-that-led-to-the-foundation-of-genawif\/\">Das Institut f\u00fcr Pflanzenphysiologie an der RWTH Aachen und die Ereignisse, die zur Gr\u00fcndung von GENAWIF f\u00fchrten<\/a><\/h4><div class=\"simple-news-date\">April 27, 2022<\/div><div class=\"simple-news-excerpt\">Die Gr\u00fcndung von GENAWIF ist eng mit der Geschichte des Instituts f\u00fcr Pflanzenphysiologie der RWTH Aachen verkn\u00fcpft.<\/div><\/div><\/div><div id=\"post-id-478\" class=\"simple-news-item\"><div class=\"simple-news-img-con\"><a class=\"simple-news-item-link\" href=\"https:\/\/genawif.com\/de\/news\/symbiotecture\/\"><img loading=\"lazy\" decoding=\"async\" width=\"250\" height=\"100\" src=\"https:\/\/genawif.com\/wp-content\/uploads\/2021\/12\/Hanging-plants-1.png\" class=\"simple-news-img-default wp-post-image\" alt=\"\" \/><\/a><\/div><div class=\"simple-news-text-con\"><h4 class=\"simple-news-title\"><a class=\"simple-news-item-link\" href=\"https:\/\/genawif.com\/de\/news\/symbiotecture\/\">Symbiotecture<\/a><\/h4><div class=\"simple-news-date\">April 1, 2022<\/div><div class=\"simple-news-excerpt\">Im Sommersemester 2022 findet unter dem Namen \u201eSymbiotecture\u201c an der Fakult\u00e4t f\u00fcr Architektur der RWTH Aachen ein Kurs f\u00fcr Studierende statt mit dem Ziel, Pflanzen in Innenr\u00e4umen sowohl f\u00fcr Geb\u00e4udeparameter wie CO2 Gehalt oder Luftfeuchte als auch f\u00fcr die Nutzung der Pflanzen als Biomasse nutzbar zu machen.<\/div><\/div><\/div><div id=\"post-id-522\" class=\"simple-news-item\"><div class=\"simple-news-img-con\"><a class=\"simple-news-item-link\" href=\"https:\/\/genawif.com\/de\/news\/a-marketplace-for-laboratory-infrastructure\/\"><img loading=\"lazy\" decoding=\"async\" width=\"250\" height=\"100\" src=\"https:\/\/genawif.com\/wp-content\/uploads\/2022\/04\/mikroskop.png\" class=\"simple-news-img-default wp-post-image\" alt=\"\" \/><\/a><\/div><div class=\"simple-news-text-con\"><h4 class=\"simple-news-title\"><a class=\"simple-news-item-link\" href=\"https:\/\/genawif.com\/de\/news\/a-marketplace-for-laboratory-infrastructure\/\">Ein Online-Marktplatz zur Vermietung und zum Verleih von Laborinfrastruktur<\/a><\/h4><div class=\"simple-news-date\">M\u00e4rz 17, 2022<\/div><div class=\"simple-news-excerpt\">GENAWIF e.V. ist noch recht jung, dennoch war es uns wichtig, durch ein eigenes Labor auch die M\u00f6glichkeit zu haben, selbst unserer Forschung nachzugehen, da es sehr praktisch ist, Ideen einfach direkt und unkompliziert zu testen.<\/div><\/div><\/div><div id=\"post-id-475\" class=\"simple-news-item\"><div class=\"simple-news-img-con\"><a class=\"simple-news-item-link\" href=\"https:\/\/genawif.com\/de\/news\/participation-at-the-wfmg-support-for-the-local-food-and-drinks-industry\/\"><img loading=\"lazy\" decoding=\"async\" width=\"250\" height=\"100\" src=\"https:\/\/genawif.com\/wp-content\/uploads\/2021\/12\/water.png\" class=\"simple-news-img-default wp-post-image\" alt=\"\" \/><\/a><\/div><div class=\"simple-news-text-con\"><h4 class=\"simple-news-title\"><a class=\"simple-news-item-link\" href=\"https:\/\/genawif.com\/de\/news\/participation-at-the-wfmg-support-for-the-local-food-and-drinks-industry\/\">Teilnahme am WFMG \u2013 Ein lokaler Branchentreffpunkt f\u00fcr die Getr\u00e4nke- und Lebensmittelwirtschaft\u00a0<\/a><\/h4><div class=\"simple-news-date\">Februar 10, 2022<\/div><div class=\"simple-news-excerpt\">Am 27. Januar. 2022 haben wir am Branchentreff f\u00fcr Getr\u00e4nke und Lebensmittelwirtschaft teilgenommen, welches von der Wirtschaftsf\u00f6rderung M\u00f6nchengladbach (WFMG) organisiert wurde<\/div><\/div><\/div><\/div>\n\n\n\n<p><\/p>","protected":false},"excerpt":{"rendered":"","protected":false},"author":1,"featured_media":0,"parent":0,"menu_order":93,"comment_status":"closed","ping_status":"closed","template":"","meta":{"inline_featured_image":false,"footnotes":""},"class_list":["post-564","page","type-page","status-publish","hentry"],"_links":{"self":[{"href":"https:\/\/genawif.com\/de\/wp-json\/wp\/v2\/pages\/564","targetHints":{"allow":["GET"]}}],"collection":[{"href":"https:\/\/genawif.com\/de\/wp-json\/wp\/v2\/pages"}],"about":[{"href":"https:\/\/genawif.com\/de\/wp-json\/wp\/v2\/types\/page"}],"author":[{"embeddable":true,"href":"https:\/\/genawif.com\/de\/wp-json\/wp\/v2\/users\/1"}],"replies":[{"embeddable":true,"href":"https:\/\/genawif.com\/de\/wp-json\/wp\/v2\/comments?post=564"}],"version-history":[{"count":4,"href":"https:\/\/genawif.com\/de\/wp-json\/wp\/v2\/pages\/564\/revisions"}],"predecessor-version":[{"id":568,"href":"https:\/\/genawif.com\/de\/wp-json\/wp\/v2\/pages\/564\/revisions\/568"}],"wp:attachment":[{"href":"https:\/\/genawif.com\/de\/wp-json\/wp\/v2\/media?parent=564"}],"curies":[{"name":"wp","href":"https:\/\/api.w.org\/{rel}","templated":true}]}}