{"id":21,"date":"2020-07-09T14:50:04","date_gmt":"2020-07-09T14:50:04","guid":{"rendered":"http:\/\/genawif.com\/?page_id=21"},"modified":"2022-08-08T07:44:18","modified_gmt":"2022-08-08T07:44:18","slug":"genawif","status":"publish","type":"page","link":"https:\/\/genawif.com\/de\/","title":{"rendered":"Homepage"},"content":{"rendered":"<h3 class=\"has-text-align-center has-large-font-size wp-block-heading\"><a href=\"https:\/\/genawif.com\/de\/news-and-activities\/\" data-type=\"URL\" data-id=\"https:\/\/genawif.com\/news-and-activities\/\">T\u00e4tigkeiten<\/a><\/h3>\n\n\n\n<div class=\"wp-block-query is-layout-flow wp-block-query-is-layout-flow\"><div class=\"simple-news-con col-4 sh-id-1\"><div id=\"post-id-708\" class=\"simple-news-item\"><div class=\"simple-news-img-con\"><a class=\"simple-news-item-link\" href=\"https:\/\/genawif.com\/de\/news\/forging-new-paths-in-crop-protection-genawif-launches-innovative-project-with-agprime\/\"><img loading=\"lazy\" decoding=\"async\" width=\"250\" height=\"100\" src=\"https:\/\/genawif.com\/wp-content\/uploads\/2025\/04\/1728487821408.jpg\" class=\"simple-news-img-default wp-post-image\" alt=\"\" srcset=\"https:\/\/genawif.com\/wp-content\/uploads\/2025\/04\/1728487821408.jpg 250w, https:\/\/genawif.com\/wp-content\/uploads\/2025\/04\/1728487821408-18x7.jpg 18w\" sizes=\"auto, (max-width: 250px) 100vw, 250px\" \/><\/a><\/div><div class=\"simple-news-text-con\"><h4 class=\"simple-news-title\"><a class=\"simple-news-item-link\" href=\"https:\/\/genawif.com\/de\/news\/forging-new-paths-in-crop-protection-genawif-launches-innovative-project-with-agprime\/\">Forging New Paths in Crop Protection: GENAWIF Launches Innovative Project with AgPrime<\/a><\/h4><div class=\"simple-news-date\">November 28, 2024<\/div><div class=\"simple-news-excerpt\">At GENAWIF \u2013 Society for Natural Compound- and Drug Research \u2013 we are excited to announce a new collaboration with AgPrime GmbH! Together, we are exploring the potential of locally sourced stinging nettle extracts to develop sustainable crop protection solutions.With<\/div><\/div><\/div><div id=\"post-id-698\" class=\"simple-news-item\"><div class=\"simple-news-img-con\"><a class=\"simple-news-item-link\" href=\"https:\/\/genawif.com\/de\/news\/exploring-natures-mysteries-%f0%9f%8c%bf\/\"><img loading=\"lazy\" decoding=\"async\" width=\"250\" height=\"100\" src=\"https:\/\/genawif.com\/wp-content\/uploads\/2024\/02\/fungus.png\" class=\"simple-news-img-default wp-post-image\" alt=\"\" srcset=\"https:\/\/genawif.com\/wp-content\/uploads\/2024\/02\/fungus.png 250w, https:\/\/genawif.com\/wp-content\/uploads\/2024\/02\/fungus-18x7.png 18w\" sizes=\"auto, (max-width: 250px) 100vw, 250px\" \/><\/a><\/div><div class=\"simple-news-text-con\"><h4 class=\"simple-news-title\"><a class=\"simple-news-item-link\" href=\"https:\/\/genawif.com\/de\/news\/exploring-natures-mysteries-%f0%9f%8c%bf\/\">Exploring Nature&#8217;s Mysteries! \ud83c\udf3f<\/a><\/h4><div class=\"simple-news-date\">Februar 26, 2024<\/div><div class=\"simple-news-excerpt\">In a breathtaking exploration, scientists at the Royal Botanic Gardens, Kew, have identified 74 new plant species and 15 fungi over the past year. These groundbreaking discoveries range from an underground &#8220;forest&#8221; to spectacular orchids and were found in unlikely<\/div><\/div><\/div><div id=\"post-id-692\" class=\"simple-news-item\"><div class=\"simple-news-img-con\"><a class=\"simple-news-item-link\" href=\"https:\/\/genawif.com\/de\/news\/prestigeous-award-for-genawif-collaborator-dr-andre-bachmann\/\"><img loading=\"lazy\" decoding=\"async\" width=\"250\" height=\"100\" src=\"https:\/\/genawif.com\/wp-content\/uploads\/2023\/05\/Award.png\" class=\"simple-news-img-default wp-post-image\" alt=\"\" srcset=\"https:\/\/genawif.com\/wp-content\/uploads\/2023\/05\/Award.png 250w, https:\/\/genawif.com\/wp-content\/uploads\/2023\/05\/Award-18x7.png 18w\" sizes=\"auto, (max-width: 250px) 100vw, 250px\" \/><\/a><\/div><div class=\"simple-news-text-con\"><h4 class=\"simple-news-title\"><a class=\"simple-news-item-link\" href=\"https:\/\/genawif.com\/de\/news\/prestigeous-award-for-genawif-collaborator-dr-andre-bachmann\/\">Renommierte Auszeichnung f\u00fcr Genawif-Kooperationspartner Dr. Andr\u00e9 Bachmann<\/a><\/h4><div class=\"simple-news-date\">Mai 17, 2023<\/div><div class=\"simple-news-excerpt\">Dr. Andr\u00e9 Bachmann, Professor f\u00fcr P\u00e4diatrie an der Michigan State University und Mitarbeiter von Genawif, wurde mit dem NYIPLA \"Inventor of the Year Award\" 2023 f\u00fcr das US-Patent Nr. 11,273,137 B2 ausgezeichnet.<\/div><\/div><\/div><div id=\"post-id-682\" class=\"simple-news-item\"><div class=\"simple-news-img-con\"><a class=\"simple-news-item-link\" href=\"https:\/\/genawif.com\/de\/news\/bio4matpro-competence-center-for-biological-transformation-in-materials-science-and-production-engineering\/\"><img loading=\"lazy\" decoding=\"async\" width=\"250\" height=\"100\" src=\"https:\/\/genawif.com\/wp-content\/uploads\/2023\/02\/Gruhlke-Vortrag.png\" class=\"simple-news-img-default wp-post-image\" alt=\"\" srcset=\"https:\/\/genawif.com\/wp-content\/uploads\/2023\/02\/Gruhlke-Vortrag.png 250w, https:\/\/genawif.com\/wp-content\/uploads\/2023\/02\/Gruhlke-Vortrag-18x7.png 18w\" sizes=\"auto, (max-width: 250px) 100vw, 250px\" \/><\/a><\/div><div class=\"simple-news-text-con\"><h4 class=\"simple-news-title\"><a class=\"simple-news-item-link\" href=\"https:\/\/genawif.com\/de\/news\/bio4matpro-competence-center-for-biological-transformation-in-materials-science-and-production-engineering\/\">Bio4MatPro \u2013 Kompetenzzentrum zur Biologischen Transformation der Materialwissenschaft und Produktionstechnik<\/a><\/h4><div class=\"simple-news-date\">Februar 8, 2023<\/div><div class=\"simple-news-excerpt\">Unser Vorsitzender Dr. Martin Gruhlke hielt am 07.02.2023 bei der von der IHK Aachen und dem Projekt Bio4MatPro an der RWTH Aachen einen Vortrag zum Thema Nutzungsoptionen der Brennnessel und nahm an der anschlie\u00dfenden Podiumsdiskussion teil.<\/div><\/div><\/div><div id=\"post-id-686\" class=\"simple-news-item\"><div class=\"simple-news-img-con\"><a class=\"simple-news-item-link\" href=\"https:\/\/genawif.com\/de\/news\/new-research-work-by-genawif-members\/\"><img loading=\"lazy\" decoding=\"async\" width=\"250\" height=\"100\" src=\"https:\/\/genawif.com\/wp-content\/uploads\/2023\/02\/Selen-verbindungen.png\" class=\"simple-news-img-default wp-post-image\" alt=\"\" srcset=\"https:\/\/genawif.com\/wp-content\/uploads\/2023\/02\/Selen-verbindungen.png 250w, https:\/\/genawif.com\/wp-content\/uploads\/2023\/02\/Selen-verbindungen-18x7.png 18w\" sizes=\"auto, (max-width: 250px) 100vw, 250px\" \/><\/a><\/div><div class=\"simple-news-text-con\"><h4 class=\"simple-news-title\"><a class=\"simple-news-item-link\" href=\"https:\/\/genawif.com\/de\/news\/new-research-work-by-genawif-members\/\">Neue Forschungsarbeit von GENAWIF Mitarbeitenden<\/a><\/h4><div class=\"simple-news-date\">Januar 26, 2023<\/div><div class=\"simple-news-excerpt\">Selen ist ein dem Schwefel sehr \u00e4hnliches Element. Die Redoxaktivit\u00e4t, die Schwefel biologisch so bedeutsam macht, ist auch beim Schwefel gegeben.<\/div><\/div><\/div><div id=\"post-id-668\" class=\"simple-news-item\"><div class=\"simple-news-img-con\"><a class=\"simple-news-item-link\" href=\"https:\/\/genawif.com\/de\/news\/allicin-from-garlic-inhibits-the-essential-bacterial-enzyme-dna-gyrase-a-common-target-for-medical-antibiotics\/\"><img loading=\"lazy\" decoding=\"async\" width=\"250\" height=\"100\" src=\"https:\/\/genawif.com\/wp-content\/uploads\/2022\/09\/Beitragsbild-Gyrase-2.svg\" class=\"simple-news-img-default wp-post-image\" alt=\"\" \/><\/a><\/div><div class=\"simple-news-text-con\"><h4 class=\"simple-news-title\"><a class=\"simple-news-item-link\" href=\"https:\/\/genawif.com\/de\/news\/allicin-from-garlic-inhibits-the-essential-bacterial-enzyme-dna-gyrase-a-common-target-for-medical-antibiotics\/\">Allicin aus Knoblauch inhibiert das essentielle bakterielle\nEnzym DNA Gyrase, ein h\u00e4ufiges Ziel medizinischer\nAntibiotika<\/a><\/h4><div class=\"simple-news-date\">November 13, 2022<\/div><div class=\"simple-news-excerpt\">F\u00fcr nicht-fachkundige Leser wird empfohlen, zuerst einen Blick auf unseren Artikel \u201eAuf die Gr\u00f6\u00dfe kommt es an \u2013 die Notwendigkeit der Umstrukturierung von DNA\u201c zu werfen. Dort werden die Hintergr\u00fcnde erl\u00e4utert, warum das Verpacken und Entpacken von DNA ein lebenswichtiger Prozess ist. Hierzu wird die DNA-Gr\u00f6\u00dfe des Bakteriums<\/div><\/div><\/div><div id=\"post-id-675\" class=\"simple-news-item\"><div class=\"simple-news-img-con\"><a class=\"simple-news-item-link\" href=\"https:\/\/genawif.com\/de\/news\/international-conference-of-our-german-society-for-plant-sciences\/\"><img loading=\"lazy\" decoding=\"async\" width=\"250\" height=\"100\" src=\"https:\/\/genawif.com\/wp-content\/uploads\/2022\/09\/Bonn-Botanik.jpg\" class=\"simple-news-img-default wp-post-image\" alt=\"\" srcset=\"https:\/\/genawif.com\/wp-content\/uploads\/2022\/09\/Bonn-Botanik.jpg 250w, https:\/\/genawif.com\/wp-content\/uploads\/2022\/09\/Bonn-Botanik-18x7.jpg 18w\" sizes=\"auto, (max-width: 250px) 100vw, 250px\" \/><\/a><\/div><div class=\"simple-news-text-con\"><h4 class=\"simple-news-title\"><a class=\"simple-news-item-link\" href=\"https:\/\/genawif.com\/de\/news\/international-conference-of-our-german-society-for-plant-sciences\/\">Botanik-Tagung<\/a><\/h4><div class=\"simple-news-date\">September 27, 2022<\/div><div class=\"simple-news-excerpt\">Auf der diesj\u00e4hrigen Botanikertagung, die von der Deutschen Botanischen Gesellschaft (www.deutsche-botanische-gesellschaft.de) an der Universit\u00e4t Bonn ausgerichtet wurde, hielt unser Vorsitzender Dr. Martin Gruhlke einen Vortrag zum Thema \"Thioallylierung als Grundlage f\u00fcr die physiologische Wirkung von Allicin in Knoblauch\"<\/div><\/div><\/div><div id=\"post-id-647\" class=\"simple-news-item\"><div class=\"simple-news-img-con\"><a class=\"simple-news-item-link\" href=\"https:\/\/genawif.com\/de\/news\/size-matters-the-importance-of-dna-packaging%ef%bf%bc\/\"><img loading=\"lazy\" decoding=\"async\" width=\"250\" height=\"100\" src=\"https:\/\/genawif.com\/wp-content\/uploads\/2022\/09\/Beitragsbild-Gyrase-1-1.svg\" class=\"simple-news-img-default wp-post-image\" alt=\"\" \/><\/a><\/div><div class=\"simple-news-text-con\"><h4 class=\"simple-news-title\"><a class=\"simple-news-item-link\" href=\"https:\/\/genawif.com\/de\/news\/size-matters-the-importance-of-dna-packaging%ef%bf%bc\/\">Auf die Gr\u00f6\u00dfe kommt es an \u2013 die Notwendigkeit der Umstrukturierung von DNA<\/a><\/h4><div class=\"simple-news-date\">September 13, 2022<\/div><div class=\"simple-news-excerpt\">Im folgenden Artikel wird die Bedeutung des DNA-Gr\u00f6\u00dfenmanagements aufgrund des begrenzten zellul\u00e4ren Raums am Beispiel der DNA und der Zellgr\u00f6\u00dfe des Bakteriums Escherichia coli erl\u00e4utert.<\/div><\/div><\/div><\/div>\n\n\n\n<h3 class=\"has-text-align-center reveal fadeInUp has-large-font-size wp-block-heading\">Der Verein<\/h3>\n<\/div>\n\n\n<div class=\"col-xs-10\">\n<div class=\"pull-right col-xs-5 reveal fadeInUp\">\n<h2>Wer sind wir?<\/h2>\n<p>Wir sind Wissenschaftler mit vielen Jahren Erfahrung auf dem Gebiet Naturstoffe und Aufkl\u00e4rung von Wirkungsmechanismen. Um diese Kompetenzen und Erfahrungen zu b\u00fcndeln und sie in der Praxis zur Anwendung zu bringen, haben wir GENAWIF gegr\u00fcndet.<\/p>\n<\/div>\n<div class=\"col-xs-4 pull-left reveal fadeInUp\"><img decoding=\"async\" class=\"image-center\" src=\"https:\/\/genawif.com\/wp-content\/uploads\/2020\/11\/berlin-bear.jpg\" alt=\"Team\"><\/div>\n<div class=\"col-xs-10\">\n<div class=\"pull-left col-xs-5 reveal fadeInUp\">\n<h2>Was ist unser Anliegen?<\/h2>\n<p>Wir sind davon \u00fcberzeugt, dass die Erforschung von Natur- und Wirkstoffen, insbesondere im Hinblick auf ihre Wirkung auf Zellen und Organismen, eine vertiefte Aufmerksamkeit sowohl in der \u00d6ffentlichkeit als auch in der Wissenschaft ben\u00f6tigt. Sowohl potenzielle Gef\u00e4hrdungen durch chemische Verbindungen, die m\u00f6glicherweise noch nicht gekl\u00e4rt sind, als auch neuartige und \u00fcberraschende Anwendungen von Natur- und Wirkstoffen erfordern eine kompetente und innovative Sichtweise. Basierend auf dem Verst\u00e4ndnis der biologischen Wirksamkeit und der Kenntnis chemischer Eigenschaften k\u00f6nnen wir neue Anwendungen erforschen und so Projekte gemeinsam mit Partnern realisieren. Dadurch k\u00f6nnen wir zu nachhaltigem Wirtschaften, neuen Arbeitspl\u00e4tzen, Versorgungssicherheit durch die Landwirtschaft und neuen Ans\u00e4tzen zur Behandlung von Krankheiten in der Human- und Veterin\u00e4rmedizin beitragen.<\/p>\n<\/div>\n<div class=\"col-xs-4 pull-right reveal fadeInUp\"><img decoding=\"async\" class=\"image-center\" src=\"https:\/\/genawif.com\/wp-content\/uploads\/2020\/11\/Knoblauch-1.jpg\" alt=\"Allicin\"><\/div>\n<div class=\"col-xs-10\">\n<div class=\"pull-right col-xs-5 reveal fadeInUp\">\n<h2>Wie gehen wir die Herausforderungen an?<\/h2>\n<p>Durch die Organisation als gemeinn\u00fctziger Verein ist es unser Ziel, nicht gewinnorientiert, sondern l\u00f6sungsorientiert zu arbeiten. Dazu ist die Vernetzung und Information der \u00d6ffentlichkeit sowie von Experten, Wissenschaftlern und politischen Entscheidungstr\u00e4gern wichtig. Dar\u00fcber hinaus m\u00f6chten wir unsere Erfahrung und Expertise durch Beratung und Auftragsforschung zur Verf\u00fcgung stellen, um in Kooperation mit lokalen, nationalen und internationalen Akteuren eine Basis f\u00fcr die Durchf\u00fchrung eigener Forschungsprojekte vorzubereiten und durchzuf\u00fchren. Aufgrund unserer k\u00f6rperschaftssteuerbefreiten Organisations-form haben wir Zugang zu privaten und \u00f6ffentlichen Forschungsgeldern, k\u00f6nnen aber durch den wirtschaftlichen Teil unserer Arbeit (Beratung, Training, Veranstaltungen etc.) selbst einen wesentlichen Beitrag zur Finanzierung unserer Vision leisten.<\/p>\n<\/div>\n<div class=\"col-xs-4 pull-left reveal fadeInUp\"><img decoding=\"async\" class=\"image-center\" src=\"https:\/\/genawif.com\/wp-content\/uploads\/2020\/11\/buecherei.jpg\" alt=\"Library\"><\/div>\n<div class=\"col-xs-10\">\n<hr class=\"reveal fadeInUp\"><\/div>\n<div class=\"col-xs-10\">\n<div class=\"col-xs-3 pull-left desc reveal fadeInUp\"><img decoding=\"async\" class=\"lazy rund image-center\" src=\"https:\/\/genawif.com\/wp-content\/uploads\/2020\/11\/martin.jpg\" alt=\"Martin Gruhlke\"><\/div>\n<div class=\"col-xs-6 pull-right reveal fadeInUp\"><strong>Vorstand<\/strong><\/div>\n<div class=\"col-xs-6 pull-right reveal fadeInUp\">Dr. Martin Gruhlke<\/div>\n<div>&nbsp;<\/div>\n<div class=\"col-xs-6 pull-right reveal fadeInUp\">Martin Gruhlke, geb. 1983 in Heidelberg, studierte Biologie mit den Schwerpunkten Pflanzenphysiologie und Biochemie an der RWTH Aachen. Bereits in seiner Diplomarbeit setzte er sich mit der antimikrobiellen Wirkung von Allicin aus Knoblauch auseinander, was er in seiner Promotions- und Postdoc-Zeit an der RWTH fortsetzte.\nDas Interesse, Naturstoffe hinsichtlich ihrer zellul\u00e4ren Wirkweise zu erforschen und die Erkenntnisse daraus f\u00fcr eine Anwendung in Landwirtschaft und Medizin lie\u00df ihn anregen, die Gesellschaft f\u00fcr Natur- und Wirkstoffforschung zu gr\u00fcnden.<\/div>\n<div class=\"col-xs-10\">\n<hr class=\"reveal fadeInUp\"><\/div>\n<\/div>\n<div class=\"col-xs-10\">\n<div class=\"col-xs-3 pull-left desc reveal fadeInUp\"><img decoding=\"async\" class=\"lazy rund image-center\" src=\"https:\/\/genawif.com\/wp-content\/uploads\/2020\/11\/jana.jpg\" alt=\"Jana Foerster\"><\/div>\n<div class=\"col-xs-6 pull-right reveal fadeInUp\"><strong>Finanzverwaltung<\/strong><\/div>\n<div class=\"col-xs-6 pull-right reveal fadeInUp\">Dr. Jana Foerster<\/div>\n<div>&nbsp;<\/div>\n<div class=\"col-xs-6 pull-right reveal fadeInUp\">Jana Foerster, geb. 1987 in Wolgograd\/Russland, hat Biowissenschaften (B. Sc.) an der TU Kaiserslautern und anschlie\u00dfend Biologie mit dem Schwerpunkt Pflanzenwissenschaften (M. Sc.) an der RWTH Aachen studiert.<br>Nach ihrer Masterarbeit \u00fcber eine Proteomanalyse des allicin-resistenten Bakteriums <em>Pseudomonas<\/em> setzte sie ihre Arbeiten in der Arbeitsgruppe von Prof. Slusarenko an der RWTH Aachen als Doktorandin fort und forschte an der antimikrobiellen Wirkung von Allicin aus Knoblauch auf lungenpathogene Bakterien und untersuchte anhand eines neu entwickelten Lungenmodells, ob die medizinische Behandlung der Lungeninfektionen mit Allicin im Prinzip m\u00f6glich ist.<br>Seit der Promotion (2020) nahm sie an versch. Fortbildungen, Projekt- und Qualit\u00e4tsmanagement und Clinical Data Management, teil.&nbsp;<\/div>\n<div class=\"col-xs-10\">\n<hr class=\"reveal fadeInUp\"><\/div>\n<\/div>\n<div class=\"col-xs-10\">\n<div class=\"col-xs-3 pull-left desc reveal fadeInUp\"><img decoding=\"async\" class=\"lazy rund image-center\" src=\"https:\/\/genawif.com\/wp-content\/uploads\/2020\/11\/jan-mit-background-qua.jpg\" alt=\"Jan Borlinghaus\"><\/div>\n<div class=\"col-xs-6 pull-right reveal fadeInUp\"><strong>Wissenschaftlicher Beirat<\/strong><\/div>\n<div class=\"col-xs-6 pull-right reveal fadeInUp\">Dr. Jan Borlinghaus<\/div>\n<div class=\"col-xs-6 pull-right reveal fadeInUp\">\n<p>Jan Borlinghaus, geb. 1985, hat 2005 an der RWTH Aachen mit dem Studium der Diplom-Biologie begonnen. Die Diplomarbeit (2012) am Lehrstuhl f\u00fcr Pflanzenphysiologie hat er im Bereich Pflanzenwissenschaften abgeschlossen, wo er eine Leidenschaft f\u00fcr Molekularbiologie entwickelte.<br>Anschlie\u00dfend folgte die Promotion im gleichen Institut mit einer molekularbiologischen Fragestellung \u00fcber die Resistenz-mechanismen eines allicin-resistenten Bakteriums <em>Pseudomonas<\/em>.<br>Seit 2019 ist Jan als Postdoc weiter an offenen Fragestellungen rund um den Naturstoff Allicin beteiligt, sein Interesse hat sich aber auch auf synthetische Biologie und Bioassays unter Verwendung der B\u00e4ckerhefe (<em>Saccharomyces cerevisiae<\/em>) als Modellorganismus verlagert.<\/p>\n<\/div>\n<div class=\"col-xs-10\">\n<hr class=\"reveal fadeInUp\"><\/div>\n<\/div>\n<div class=\"col-xs-10\">\n<div class=\"col-xs-3 pull-left desc reveal fadeInUp\"><img decoding=\"async\" class=\"lazy rund image-center\" src=\"https:\/\/genawif.com\/wp-content\/uploads\/2022\/04\/fertig_quadratisch.jpg\" alt=\"Michael Ries\"><\/div>\n<div class=\"col-xs-6 pull-right reveal fadeInUp\"><strong>\u00d6ffentlichkeitsarbeit<\/strong><\/div>\n<div class=\"col-xs-6 pull-right reveal fadeInUp\">Michael Ries<\/div>\n<div>&nbsp;<\/div>\n<div class=\"col-xs-6 pull-right reveal fadeInUp\">Michael Ries, geb. 1993 in Schweinfurt, begann 2012 sein Biologie-Studium an der Universit\u00e4t Erlangen-N\u00fcrnberg. Die Studienschwerpunkte lagen auf Pharmazeutischer Biologie und Biotechnologie. In seiner Bachelor-Arbeit forschte er an dem Syntheseweg von Cardenoliden im Fingerhut, welche heutzutage noch Verwendung in der Medizin finden.<br>Nach seinem B.Sc.-abschluss (2016) wechselte Michael an die RWTH Aachen, wo er im Institut f\u00fcr Pflanzenphysiologie im Rahmen eines Forschungspraktikums unter Jan Borlinghaus Einblick in die Pflanzenwissenschaften gewann. Im Rahmen seiner Masterarbeit am gleichen Institut Biologie III entwickelte er ein auf Luciferase-basierendes Messsystem in B\u00e4ckerhefe (<em>S. cerevisiae<\/em>).<br>Nach seinem M.Sc.-Abschluss (2020) wechselte er dann zu einer Biotechnologie-Firma in Monheim\/Rhein, um dort das Marketing zu \u00fcbernehmen. Aufgrund seiner erfolgreichen Arbeitsweise konnte er mittlerweile drei weitere Mitarbeiter zur Unterst\u00fctzung im Marketing hinzugewinnen.<\/div>\n<div class=\"col-xs-10\">\n<hr class=\"reveal fadeInUp\"><\/div>\n<\/div>\n<div class=\"col-xs-10 text-center\">\n<h2 class=\"reveal fadeInUp\">Kontaktieren Sie uns!<\/h2>\n<p class=\"reveal fadeInUp\">Wenn Sie Ideen zur Zusammenarbeit mit uns haben oder dem Verein beitreten wollen, schreiben Sie einfach eine E-Mail an office@genawif.com!<\/p>\n<\/div>\n<\/div>\n<\/div>\n<\/div>\n\n\n<p><\/p>","protected":false},"excerpt":{"rendered":"<p>Activities Who we are We are scientists with many years of experience in the field of natural products and the elucidation of the mechanism of action of substances. In order to bundle this knowledge and experience and to make it<\/p>","protected":false},"author":2,"featured_media":0,"parent":0,"menu_order":92,"comment_status":"closed","ping_status":"closed","template":"","meta":{"inline_featured_image":false,"footnotes":""},"class_list":["post-21","page","type-page","status-publish","hentry"],"_links":{"self":[{"href":"https:\/\/genawif.com\/de\/wp-json\/wp\/v2\/pages\/21","targetHints":{"allow":["GET"]}}],"collection":[{"href":"https:\/\/genawif.com\/de\/wp-json\/wp\/v2\/pages"}],"about":[{"href":"https:\/\/genawif.com\/de\/wp-json\/wp\/v2\/types\/page"}],"author":[{"embeddable":true,"href":"https:\/\/genawif.com\/de\/wp-json\/wp\/v2\/users\/2"}],"replies":[{"embeddable":true,"href":"https:\/\/genawif.com\/de\/wp-json\/wp\/v2\/comments?post=21"}],"version-history":[{"count":63,"href":"https:\/\/genawif.com\/de\/wp-json\/wp\/v2\/pages\/21\/revisions"}],"predecessor-version":[{"id":625,"href":"https:\/\/genawif.com\/de\/wp-json\/wp\/v2\/pages\/21\/revisions\/625"}],"wp:attachment":[{"href":"https:\/\/genawif.com\/de\/wp-json\/wp\/v2\/media?parent=21"}],"curies":[{"name":"wp","href":"https:\/\/api.w.org\/{rel}","templated":true}]}}